{"id":28,"date":"2012-03-08T15:28:36","date_gmt":"2012-03-08T15:28:36","guid":{"rendered":"http:\/\/balkanflavours.ch\/Wordpress\/?page_id=28"},"modified":"2019-01-08T09:05:48","modified_gmt":"2019-01-08T09:05:48","slug":"band","status":"publish","type":"page","link":"https:\/\/balkanflavours.ch\/Wordpress\/?page_id=28","title":{"rendered":"Band"},"content":{"rendered":"<p><a href=\"https:\/\/balkanflavours.ch\/Wordpress\/wp-content\/uploads\/2016\/04\/cropped-foto-balkan-flavors.jpg\"><img fetchpriority=\"high\" decoding=\"async\" class=\"aligncenter size-full wp-image-400\" src=\"https:\/\/balkanflavours.ch\/Wordpress\/wp-content\/uploads\/2016\/04\/cropped-foto-balkan-flavors.jpg\" alt=\"cropped-foto-balkan-flavors.jpg\" width=\"1000\" height=\"288\" srcset=\"https:\/\/balkanflavours.ch\/Wordpress\/wp-content\/uploads\/2016\/04\/cropped-foto-balkan-flavors.jpg 1000w, https:\/\/balkanflavours.ch\/Wordpress\/wp-content\/uploads\/2016\/04\/cropped-foto-balkan-flavors-300x86.jpg 300w, https:\/\/balkanflavours.ch\/Wordpress\/wp-content\/uploads\/2016\/04\/cropped-foto-balkan-flavors-768x221.jpg 768w, https:\/\/balkanflavours.ch\/Wordpress\/wp-content\/uploads\/2016\/04\/cropped-foto-balkan-flavors-500x144.jpg 500w\" sizes=\"(max-width: 1000px) 100vw, 1000px\" \/><\/a><\/p>\n<p style=\"text-align: left;\"><strong>Faruk Muslijevic&#8217;s &#8222;Balkan Flavours&#8220;<\/strong><\/p>\n<p style=\"text-align: left;\">Eine \u00a0einzigartige Band aus der Schweiz, der seit Jahren ein unverkennbarer Mix zwischen wildem Osten und dem world wild west gelingt.<\/p>\n<p style=\"text-align: left;\">In bouncigen Eigenkompositionen verweben sie die traditionelle Musik des Balkan mit dem Erbe des Great american Songbooks.<br \/>\nDieser kaltgepresste Saft enth\u00e4lt noch alle Vitalstoffe beider Kulturen und entfaltet die volle Wirkung schon w\u00e4hrend der Einnahme. Orientalische Melodien fliegen \u00fcber jazzige Klangteppiche, w\u00e4hrend die Band sich energetisch hochschraubt, um dem Solisten die &#8222;Bubenleiter&#8220; zum Universum zu stellen.<br \/>\nFaruk Muslijevic komponiert unverkennbar dicht und beeindruckt solistisch auf den Tasten seines Cockpits sowie auf dem Akkordeon; stets im Antrieb, seine Band-<\/p>\n<p style=\"text-align: left;\"><strong>the Balkan Flavours.<\/strong><\/p>\n<p style=\"text-align: center;\">\n","protected":false},"excerpt":{"rendered":"<p>Faruk Muslijevic&#8217;s &#8222;Balkan Flavours&#8220; Eine \u00a0einzigartige Band aus der Schweiz, der seit Jahren ein unverkennbarer Mix zwischen wildem Osten und dem world wild west gelingt. In bouncigen Eigenkompositionen verweben sie die traditionelle Musik des Balkan mit dem Erbe des Great &hellip; <a href=\"https:\/\/balkanflavours.ch\/Wordpress\/?page_id=28\">Weiterlesen <span class=\"meta-nav\">&rarr;<\/span><\/a><\/p>\n","protected":false},"author":1,"featured_media":0,"parent":0,"menu_order":1,"comment_status":"closed","ping_status":"closed","template":"","meta":{"footnotes":""},"class_list":["post-28","page","type-page","status-publish","hentry"],"_links":{"self":[{"href":"https:\/\/balkanflavours.ch\/Wordpress\/index.php?rest_route=\/wp\/v2\/pages\/28","targetHints":{"allow":["GET"]}}],"collection":[{"href":"https:\/\/balkanflavours.ch\/Wordpress\/index.php?rest_route=\/wp\/v2\/pages"}],"about":[{"href":"https:\/\/balkanflavours.ch\/Wordpress\/index.php?rest_route=\/wp\/v2\/types\/page"}],"author":[{"embeddable":true,"href":"https:\/\/balkanflavours.ch\/Wordpress\/index.php?rest_route=\/wp\/v2\/users\/1"}],"replies":[{"embeddable":true,"href":"https:\/\/balkanflavours.ch\/Wordpress\/index.php?rest_route=%2Fwp%2Fv2%2Fcomments&post=28"}],"version-history":[{"count":28,"href":"https:\/\/balkanflavours.ch\/Wordpress\/index.php?rest_route=\/wp\/v2\/pages\/28\/revisions"}],"predecessor-version":[{"id":454,"href":"https:\/\/balkanflavours.ch\/Wordpress\/index.php?rest_route=\/wp\/v2\/pages\/28\/revisions\/454"}],"wp:attachment":[{"href":"https:\/\/balkanflavours.ch\/Wordpress\/index.php?rest_route=%2Fwp%2Fv2%2Fmedia&parent=28"}],"curies":[{"name":"wp","href":"https:\/\/api.w.org\/{rel}","templated":true}]}}